{"id":44803,"date":"2024-11-07T15:12:56","date_gmt":"2024-11-07T11:42:56","guid":{"rendered":"https:\/\/iranyasa.ir\/hakkimizda\/"},"modified":"2025-12-06T04:47:37","modified_gmt":"2025-12-06T01:17:37","slug":"hakkimizda","status":"publish","type":"page","link":"https:\/\/iranyasa.ir\/tr\/hakkimizda\/","title":{"rendered":"Hakk\u0131m\u0131zda"},"content":{"rendered":"\t\t<div data-elementor-type=\"wp-page\" data-elementor-id=\"44803\" class=\"elementor elementor-44803 elementor-123\" data-elementor-post-type=\"page\">\n\t\t\t\t<div class=\"elementor-element elementor-element-010999c overflow-clip e-flex e-con-boxed e-con e-parent\" data-id=\"010999c\" data-element_type=\"container\">\n\t\t\t\t\t<div class=\"e-con-inner\">\n\t\t<div class=\"elementor-element elementor-element-e91cd58 e-con-full e-flex e-con e-child\" data-id=\"e91cd58\" data-element_type=\"container\">\n\t\t<div class=\"elementor-element elementor-element-091305c e-con-full e-flex e-con e-child\" data-id=\"091305c\" data-element_type=\"container\">\n\t\t\t\t<div class=\"elementor-element elementor-element-7e6c613 elementor-widget elementor-widget-heading\" data-id=\"7e6c613\" data-element_type=\"widget\" data-widget_type=\"heading.default\">\n\t\t\t\t<div class=\"elementor-widget-container\">\n\t\t\t\t\t<h2 class=\"elementor-heading-title elementor-size-default\">\u0130ran Yasa <span style=\"font-size:80%;font-weight: 300\">\u0130ran lastik end\u00fcstrisinde yar\u0131m as\u0131rl\u0131k \u00f6nc\u00fc<\/span><\/h2>\t\t\t\t<\/div>\n\t\t\t\t<\/div>\n\t\t\t\t<div class=\"elementor-element elementor-element-77f9780 elementor-widget elementor-widget-text-editor\" data-id=\"77f9780\" data-element_type=\"widget\" data-widget_type=\"text-editor.default\">\n\t\t\t\t<div class=\"elementor-widget-container\">\n\t\t\t\t\t\t\t\t\t<p>\u0130ran Yasa&#8217;n\u0131n hikayesi <strong>29 Ekim 1968<\/strong> tarihinde ba\u015flad\u0131; \u0130ran&#8217;daki ilk ve en b\u00fcy\u00fck motosiklet ve bisiklet lastik ve i\u00e7 lastik \u00fcreticisinin temelinin at\u0131ld\u0131\u011f\u0131 g\u00fcn. O g\u00fcnden bu yana gurur dolu bir yol kat ettik. 2003 y\u0131l\u0131nda Menkul K\u0131ymetler Borsas\u0131&#8217;n\u0131n b\u00fcy\u00fck ailesine kat\u0131ld\u0131k ve 25 bin tonu a\u015fan \u00fcretim kapasitesiyle pazar\u0131n b\u00fcy\u00fck bir b\u00f6l\u00fcm\u00fcn\u00fcn nabz\u0131n\u0131 tutmay\u0131 ba\u015fard\u0131k.<\/p>\n\t\t\t\t\t\t\t\t<\/div>\n\t\t\t\t<\/div>\n\t\t<div class=\"elementor-element elementor-element-39f6ee6 e-con-full e-flex e-con e-child\" data-id=\"39f6ee6\" data-element_type=\"container\">\n\t\t\t\t<div class=\"elementor-element elementor-element-7b27a26 elementor-widget elementor-widget-button\" data-id=\"7b27a26\" data-element_type=\"widget\" data-widget_type=\"button.default\">\n\t\t\t\t<div class=\"elementor-widget-container\">\n\t\t\t\t\t\t\t\t\t<div class=\"elementor-button-wrapper\">\n\t\t\t\t\t<a class=\"elementor-button elementor-button-link elementor-size-sm\" href=\"#\">\n\t\t\t\t\t\t<span class=\"elementor-button-content-wrapper\">\n\t\t\t\t\t\t<span class=\"elementor-button-icon\">\n\t\t\t\t<svg xmlns=\"http:\/\/www.w3.org\/2000\/svg\" id=\"Layer_1\" data-name=\"Layer 1\" viewBox=\"0 0 24 24\"><path d=\"m20.91,7.713C20.358,3.736,17.057.519,13.06.061c-2.505-.288-4.939.441-6.851,2.05-1.887,1.588-3.051,3.906-3.193,6.36-.016.276.194.513.47.528.276.022.512-.194.528-.47.126-2.182,1.161-4.242,2.839-5.654,1.699-1.429,3.863-2.078,6.093-1.82,3.55.406,6.483,3.264,6.974,6.795.192,1.387.031,2.792-.467,4.063-.488,1.248-1.776,2.087-3.205,2.087h-2.517c.171-.294.269-.636.269-1,0-1.103-.897-2-2-2s-2,.897-2,2,.897,2,2,2h4.248c1.836,0,3.499-1.094,4.137-2.722.56-1.432.741-3.01.525-4.565Zm-9.91,5.287c0-.552.449-1,1-1s1,.448,1,1-.449,1-1,1-1-.448-1-1Zm5.455-1.728c.361-.707.545-1.471.545-2.272,0-2.757-2.243-5-5-5s-5,2.243-5,5c0,1.159.406,2.289,1.143,3.182.176.213.146.528-.067.704-.093.077-.206.114-.318.114-.144,0-.287-.062-.386-.182-.884-1.071-1.372-2.427-1.372-3.818,0-3.309,2.691-6,6-6s6,2.691,6,6c0,.961-.22,1.879-.654,2.728-.127.246-.431.342-.673.218-.246-.126-.344-.428-.218-.673Zm3.534,12.126c.057.271-.117.535-.388.591-.265.061-.535-.116-.591-.388-.676-3.246-3.624-5.602-7.011-5.602s-6.335,2.355-7.01,5.602c-.049.236-.257.398-.489.398-.034,0-.068-.003-.102-.011-.271-.056-.444-.32-.388-.591.771-3.708,4.131-6.398,7.99-6.398s7.218,2.69,7.989,6.398Z\"><\/path><\/svg>\t\t\t<\/span>\n\t\t\t\t\t\t\t\t\t<span class=\"elementor-button-text\">\u0130leti\u015fim Bilgileri<\/span>\n\t\t\t\t\t<\/span>\n\t\t\t\t\t<\/a>\n\t\t\t\t<\/div>\n\t\t\t\t\t\t\t\t<\/div>\n\t\t\t\t<\/div>\n\t\t\t\t<div class=\"elementor-element elementor-element-0333e68 elementor-widget elementor-widget-button\" data-id=\"0333e68\" data-element_type=\"widget\" data-widget_type=\"button.default\">\n\t\t\t\t<div class=\"elementor-widget-container\">\n\t\t\t\t\t\t\t\t\t<div class=\"elementor-button-wrapper\">\n\t\t\t\t\t<a class=\"elementor-button elementor-button-link elementor-size-sm\" href=\"#\">\n\t\t\t\t\t\t<span class=\"elementor-button-content-wrapper\">\n\t\t\t\t\t\t<span class=\"elementor-button-icon\">\n\t\t\t\t<svg xmlns=\"http:\/\/www.w3.org\/2000\/svg\" id=\"Layer_1\" data-name=\"Layer 1\" viewBox=\"0 0 24 24\"><path d=\"m0,12s0-.006,0,0h0Zm23.5-.5H1.089c.075-.209.198-.401.364-.565l3.948-4.043c.193-.197.189-.514-.009-.707-.197-.192-.513-.189-.707.009L.744,10.23c-.474.467-.738,1.105-.744,1.77.002.658.258,1.296.716,1.761l3.923,4.086c.098.102.229.153.361.153.125,0,.25-.046.346-.14.199-.19.206-.508.015-.707l-3.928-4.091c-.16-.162-.279-.354-.351-.562h22.418c.276,0,.5-.224.5-.5s-.224-.5-.5-.5Z\"><\/path><\/svg>\t\t\t<\/span>\n\t\t\t\t\t\t\t\t\t<span class=\"elementor-button-text\">\u00dcr\u00fcnleri G\u00f6r<\/span>\n\t\t\t\t\t<\/span>\n\t\t\t\t\t<\/a>\n\t\t\t\t<\/div>\n\t\t\t\t\t\t\t\t<\/div>\n\t\t\t\t<\/div>\n\t\t\t\t<\/div>\n\t\t\t\t<\/div>\n\t\t\t\t<\/div>\n\t\t<div class=\"elementor-element elementor-element-73a4641 e-con-full e-flex e-con e-child\" data-id=\"73a4641\" data-element_type=\"container\">\n\t\t\t\t<div class=\"elementor-element elementor-element-a797d1a elementor-widget elementor-widget-video\" data-id=\"a797d1a\" data-element_type=\"widget\" data-settings=\"{&quot;video_type&quot;:&quot;hosted&quot;,&quot;autoplay&quot;:&quot;yes&quot;,&quot;play_on_mobile&quot;:&quot;yes&quot;,&quot;loop&quot;:&quot;yes&quot;}\" data-widget_type=\"video.default\">\n\t\t\t\t<div class=\"elementor-widget-container\">\n\t\t\t\t\t\t\t<div class=\"e-hosted-video elementor-wrapper elementor-open-inline\">\n\t\t\t\t\t<video class=\"elementor-video\" src=\"https:\/\/iranyasa.ir\/wp-content\/uploads\/2025\/09\/IranYasa.mp4\" autoplay=\"\" loop=\"\" playsinline=\"\" controlsList=\"nodownload\"><\/video>\n\t\t\t\t<\/div>\n\t\t\t\t\t\t<\/div>\n\t\t\t\t<\/div>\n\t\t\t\t<div class=\"elementor-element elementor-element-ebf7707 elementor-absolute elementor-widget elementor-widget-image\" data-id=\"ebf7707\" data-element_type=\"widget\" data-settings=\"{&quot;_position&quot;:&quot;absolute&quot;}\" data-widget_type=\"image.default\">\n\t\t\t\t<div class=\"elementor-widget-container\">\n\t\t\t\t\t\t\t\t\t\t\t\t\t\t\t<img fetchpriority=\"high\" decoding=\"async\" width=\"513\" height=\"512\" src=\"https:\/\/iranyasa.ir\/wp-content\/uploads\/2025\/09\/1347-1.png\" class=\"attachment-large size-large wp-image-44808\" alt=\"\" srcset=\"https:\/\/iranyasa.ir\/wp-content\/uploads\/2025\/09\/1347-1.png 513w, https:\/\/iranyasa.ir\/wp-content\/uploads\/2025\/09\/1347-1-300x300.png 300w, https:\/\/iranyasa.ir\/wp-content\/uploads\/2025\/09\/1347-1-150x150.png 150w, https:\/\/iranyasa.ir\/wp-content\/uploads\/2025\/09\/1347-1-100x100.png 100w\" sizes=\"(max-width: 513px) 100vw, 513px\" \/>\t\t\t\t\t\t\t\t\t\t\t\t\t\t\t<\/div>\n\t\t\t\t<\/div>\n\t\t\t\t<\/div>\n\t\t\t\t\t<\/div>\n\t\t\t\t<\/div>\n\t\t<div class=\"elementor-element elementor-element-2ffd7a1 overflow-clip e-flex e-con-boxed e-con e-parent\" data-id=\"2ffd7a1\" data-element_type=\"container\">\n\t\t\t\t\t<div class=\"e-con-inner\">\n\t\t<div class=\"elementor-element elementor-element-f8782e1 e-con-full e-flex e-con e-child\" data-id=\"f8782e1\" data-element_type=\"container\" data-settings=\"{&quot;background_background&quot;:&quot;classic&quot;}\">\n\t\t\t\t<div class=\"elementor-element elementor-element-005913a elementor-widget elementor-widget-image\" data-id=\"005913a\" data-element_type=\"widget\" data-settings=\"{&quot;motion_fx_motion_fx_scrolling&quot;:&quot;yes&quot;,&quot;motion_fx_translateX_effect&quot;:&quot;yes&quot;,&quot;motion_fx_translateX_direction&quot;:&quot;negative&quot;,&quot;motion_fx_translateX_speed&quot;:{&quot;unit&quot;:&quot;px&quot;,&quot;size&quot;:3,&quot;sizes&quot;:[]},&quot;motion_fx_translateX_affectedRange&quot;:{&quot;unit&quot;:&quot;%&quot;,&quot;size&quot;:&quot;&quot;,&quot;sizes&quot;:{&quot;start&quot;:50,&quot;end&quot;:100}},&quot;motion_fx_devices&quot;:[&quot;desktop&quot;,&quot;tablet&quot;,&quot;mobile&quot;]}\" data-widget_type=\"image.default\">\n\t\t\t\t<div class=\"elementor-widget-container\">\n\t\t\t\t\t\t\t\t\t\t\t\t\t\t\t<img decoding=\"async\" width=\"512\" height=\"463\" src=\"https:\/\/iranyasa.ir\/wp-content\/uploads\/2025\/09\/0003.png\" class=\"attachment-full size-full wp-image-44620\" alt=\"\" srcset=\"https:\/\/iranyasa.ir\/wp-content\/uploads\/2025\/09\/0003.png 512w, https:\/\/iranyasa.ir\/wp-content\/uploads\/2025\/09\/0003-300x271.png 300w\" sizes=\"(max-width: 512px) 100vw, 512px\" \/>\t\t\t\t\t\t\t\t\t\t\t\t\t\t\t<\/div>\n\t\t\t\t<\/div>\n\t\t\t\t<div class=\"elementor-element elementor-element-b349389 elementor-invisible elementor-widget elementor-widget-text-editor\" data-id=\"b349389\" data-element_type=\"widget\" data-settings=\"{&quot;_animation&quot;:&quot;fadeIn&quot;}\" data-widget_type=\"text-editor.default\">\n\t\t\t\t<div class=\"elementor-widget-container\">\n\t\t\t\t\t\t\t\t\t<p><b>Uzmanl\u0131\u011f\u0131m\u0131z, G\u00fcveniniz<\/b><\/p>\n<p>Bug\u00fcn, <b>\u00fclkenin motosiklet lastik ve i\u00e7 lastik pazar pay\u0131n\u0131n yar\u0131s\u0131ndan fazlas\u0131na<\/b> sahip olan \u0130ran Yasa, sadece bir isim de\u011fil, ayn\u0131 zamanda bir itibard\u0131r. Gelece\u011fe bakarak ve devasa kalk\u0131nma planlar\u0131n\u0131 hayata ge\u00e7irerek, yak\u0131nda \u00fclkenin ihtiyac\u0131n\u0131n daha b\u00fcy\u00fck bir k\u0131sm\u0131n\u0131 kar\u015f\u0131layaca\u011f\u0131z. \u00dcr\u00fcnlerimizin kalitesi s\u0131n\u0131rlar\u0131 a\u015ft\u0131 ve bug\u00fcn \u0130ran Yasa lastikleri Pakistan, Irak, T\u00fcrkiye ve di\u011fer bir\u00e7ok \u00fclkenin yollar\u0131nda ilerliyor.<\/p>\n\t\t\t\t\t\t\t\t<\/div>\n\t\t\t\t<\/div>\n\t\t\t\t<\/div>\n\t\t\t\t\t<\/div>\n\t\t\t\t<\/div>\n\t\t<div class=\"elementor-element elementor-element-1834d0e overflow-clip e-flex e-con-boxed e-con e-parent\" data-id=\"1834d0e\" data-element_type=\"container\">\n\t\t\t\t\t<div class=\"e-con-inner\">\n\t\t<div class=\"elementor-element elementor-element-c5d28fb e-con-full e-flex e-con e-child\" data-id=\"c5d28fb\" data-element_type=\"container\">\n\t\t<div class=\"elementor-element elementor-element-c183723 e-con-full e-flex e-con e-child\" data-id=\"c183723\" data-element_type=\"container\">\n\t\t<div class=\"elementor-element elementor-element-50716ea e-con-full e-flex e-con e-child\" data-id=\"50716ea\" data-element_type=\"container\">\n\t\t\t\t<div class=\"elementor-element elementor-element-bbbcf45 elementor-view-default elementor-widget elementor-widget-icon\" data-id=\"bbbcf45\" data-element_type=\"widget\" data-widget_type=\"icon.default\">\n\t\t\t\t<div class=\"elementor-widget-container\">\n\t\t\t\t\t\t\t<div class=\"elementor-icon-wrapper\">\n\t\t\t<div class=\"elementor-icon\">\n\t\t\t<svg xmlns=\"http:\/\/www.w3.org\/2000\/svg\" id=\"Layer_1\" viewBox=\"0 0 24 24\" data-name=\"Layer 1\"><path d=\"m23.6 18.258c-.874-1.217-2.833-3.258-6.13-3.258-3.053 0-4.963 1.694-6.028 3.116-.609.813-.587 1.921.055 2.692.993 1.191 3.09 3.191 5.973 3.191 3.292 0 5.253-2.042 6.13-3.259.533-.742.533-1.74 0-2.483zm-.812 1.899c-.933 1.297-2.613 2.843-5.317 2.843-2.476 0-4.324-1.774-5.205-2.831-.345-.414-.354-1.012-.022-1.453.928-1.239 2.589-2.716 5.227-2.716 2.708 0 4.387 1.545 5.317 2.842.283.394.283.923 0 1.315zm-5.288-2.657c-1.103 0-2 .897-2 2s.897 2 2 2 2-.897 2-2-.897-2-2-2zm0 3c-.552 0-1-.448-1-1s.448-1 1-1 1 .448 1 1-.448 1-1 1zm-15.5-6v9c0 .276-.224.5-.5.5s-.5-.224-.5-.5v-9c0-.276.224-.5.5-.5s.5.224.5.5zm4-4v13c0 .276-.224.5-.5.5s-.5-.224-.5-.5v-13c0-.276.224-.5.5-.5s.5.224.5.5zm4-4v17c0 .276-.224.5-.5.5s-.5-.224-.5-.5v-17c0-.276.224-.5.5-.5s.5.224.5.5zm3.5 3.5c.276 0 .5.224.5.5v2.5c0 .276-.224.5-.5.5s-.5-.224-.5-.5v-2.5c0-.276.224-.5.5-.5zm4 0c.276 0 .5.224.5.5v2c0 .276-.224.5-.5.5s-.5-.224-.5-.5v-2c0-.276.224-.5.5-.5zm4-1c.276 0 .5.224.5.5v4c0 .276-.224.5-.5.5s-.5-.224-.5-.5v-4c0-.276.224-.5.5-.5zm-7.988-1.781-2.73-2.73c-.707-.707-1.855-.707-2.562 0l-7.366 7.365c-.195.195-.512.195-.707 0s-.195-.512 0-.707l7.365-7.366c1.096-1.096 2.881-1.096 3.977 0l2.73 2.73c.686.686 1.877.686 2.562 0l5.512-5.511h-4.793c-.276 0-.5-.224-.5-.5s.224-.5.5-.5h5c.827 0 1.5.673 1.5 1.5v5c0 .276-.224.5-.5.5s-.5-.224-.5-.5v-4.793l-5.512 5.512c-1.096 1.096-2.881 1.096-3.977 0z\"><\/path><\/svg>\t\t\t<\/div>\n\t\t<\/div>\n\t\t\t\t\t\t<\/div>\n\t\t\t\t<\/div>\n\t\t\t\t<div class=\"elementor-element elementor-element-20eb0d9 elementor-widget elementor-widget-heading\" data-id=\"20eb0d9\" data-element_type=\"widget\" data-widget_type=\"heading.default\">\n\t\t\t\t<div class=\"elementor-widget-container\">\n\t\t\t\t\t<h2 class=\"elementor-heading-title elementor-size-default\">Vizyonumuz: Gelece\u011fe Do\u011fru Hareket<\/h2>\t\t\t\t<\/div>\n\t\t\t\t<\/div>\n\t\t\t\t<\/div>\n\t\t\t\t<div class=\"elementor-element elementor-element-11714f1 elementor-widget elementor-widget-text-editor\" data-id=\"11714f1\" data-element_type=\"widget\" data-widget_type=\"text-editor.default\">\n\t\t\t\t<div class=\"elementor-widget-container\">\n\t\t\t\t\t\t\t\t\t<p>\u0130novasyonun asla durmad\u0131\u011f\u0131na inan\u0131yoruz. Ara\u015ft\u0131rma ve geli\u015ftirme ekibimiz, yeni ara\u00e7lara ve de\u011fi\u015fen ihtiya\u00e7lar\u0131n\u0131za uygun \u00fcr\u00fcnler \u00fcretmek i\u00e7in d\u00fcnyadaki en son teknolojileri durmaks\u0131z\u0131n incelemektedir. Biz sadece lastik \u00fcretmiyoruz; her yolculu\u011funuza <b>g\u00fcven, g\u00fcvenlik ve g\u00f6n\u00fcl rahatl\u0131\u011f\u0131<\/b> getiriyoruz. Bu nedenle t\u00fcm \u00fcr\u00fcnlerimiz <b>bir y\u0131ll\u0131k garanti<\/b> ve \u0130ran genelinde yayg\u0131n sat\u0131\u015f sonras\u0131 hizmet a\u011f\u0131 ile sunulmaktad\u0131r.<\/p>\n\t\t\t\t\t\t\t\t<\/div>\n\t\t\t\t<\/div>\n\t\t\t\t<\/div>\n\t\t<div class=\"elementor-element elementor-element-0cf0daf e-con-full e-flex e-con e-child\" data-id=\"0cf0daf\" data-element_type=\"container\">\n\t\t\t\t<div class=\"elementor-element elementor-element-1443ee3 elementor-widget elementor-widget-image\" data-id=\"1443ee3\" data-element_type=\"widget\" data-widget_type=\"image.default\">\n\t\t\t\t<div class=\"elementor-widget-container\">\n\t\t\t\t\t\t\t\t\t\t\t\t\t\t\t<img decoding=\"async\" width=\"512\" height=\"641\" src=\"https:\/\/iranyasa.ir\/wp-content\/uploads\/2025\/09\/motor.png\" class=\"attachment-large size-large wp-image-44611\" alt=\"\" srcset=\"https:\/\/iranyasa.ir\/wp-content\/uploads\/2025\/09\/motor.png 512w, https:\/\/iranyasa.ir\/wp-content\/uploads\/2025\/09\/motor-240x300.png 240w\" sizes=\"(max-width: 512px) 100vw, 512px\" \/>\t\t\t\t\t\t\t\t\t\t\t\t\t\t\t<\/div>\n\t\t\t\t<\/div>\n\t\t\t\t<\/div>\n\t\t\t\t<\/div>\n\t\t\t\t\t<\/div>\n\t\t\t\t<\/div>\n\t\t<div class=\"elementor-element elementor-element-f8d3798 e-flex e-con-boxed e-con e-parent\" data-id=\"f8d3798\" data-element_type=\"container\">\n\t\t\t\t\t<div class=\"e-con-inner\">\n\t\t\t\t<div class=\"elementor-element elementor-element-14319ca elementor-widget elementor-widget-image\" data-id=\"14319ca\" data-element_type=\"widget\" data-widget_type=\"image.default\">\n\t\t\t\t<div class=\"elementor-widget-container\">\n\t\t\t\t\t\t\t\t\t\t\t\t\t\t\t<img loading=\"lazy\" decoding=\"async\" width=\"990\" height=\"300\" src=\"https:\/\/iranyasa.ir\/wp-content\/uploads\/2025\/09\/\u0646\u0645\u0627\u06cc-\u0628\u0627\u0644\u0627-\u06a9\u0627\u0631\u062e\u0627\u0646\u0647.png\" class=\"attachment-full size-full wp-image-44807\" alt=\"\" srcset=\"https:\/\/iranyasa.ir\/wp-content\/uploads\/2025\/09\/\u0646\u0645\u0627\u06cc-\u0628\u0627\u0644\u0627-\u06a9\u0627\u0631\u062e\u0627\u0646\u0647.png 990w, https:\/\/iranyasa.ir\/wp-content\/uploads\/2025\/09\/\u0646\u0645\u0627\u06cc-\u0628\u0627\u0644\u0627-\u06a9\u0627\u0631\u062e\u0627\u0646\u0647-300x91.png 300w, https:\/\/iranyasa.ir\/wp-content\/uploads\/2025\/09\/\u0646\u0645\u0627\u06cc-\u0628\u0627\u0644\u0627-\u06a9\u0627\u0631\u062e\u0627\u0646\u0647-768x233.png 768w, https:\/\/iranyasa.ir\/wp-content\/uploads\/2025\/09\/\u0646\u0645\u0627\u06cc-\u0628\u0627\u0644\u0627-\u06a9\u0627\u0631\u062e\u0627\u0646\u0647-600x182.png 600w\" sizes=\"(max-width: 990px) 100vw, 990px\" \/>\t\t\t\t\t\t\t\t\t\t\t\t\t\t\t<\/div>\n\t\t\t\t<\/div>\n\t\t\t\t\t<\/div>\n\t\t\t\t<\/div>\n\t\t\t\t<\/div>\n\t\t","protected":false},"excerpt":{"rendered":"<p>\u0130ran Yasa \u0130ran lastik end\u00fcstrisinde yar\u0131m as\u0131rl\u0131k \u00f6nc\u00fc \u0130ran Yasa&#8217;n\u0131n hikayesi 29 Ekim 1968 tarihinde ba\u015flad\u0131; \u0130ran&#8217;daki ilk ve en b\u00fcy\u00fck motosiklet ve bisiklet lastik ve i\u00e7 lastik \u00fcreticisinin temelinin at\u0131ld\u0131\u011f\u0131 g\u00fcn. O g\u00fcnden bu yana gurur dolu bir yol kat ettik. 2003 y\u0131l\u0131nda Menkul K\u0131ymetler Borsas\u0131&#8217;n\u0131n b\u00fcy\u00fck ailesine kat\u0131ld\u0131k ve 25 bin tonu a\u015fan [&hellip;]<\/p>\n","protected":false},"author":1,"featured_media":0,"parent":0,"menu_order":0,"comment_status":"closed","ping_status":"closed","template":"","meta":{"inline_featured_image":false,"footnotes":""},"class_list":["post-44803","page","type-page","status-publish","hentry"],"_links":{"self":[{"href":"https:\/\/iranyasa.ir\/tr\/wp-json\/wp\/v2\/pages\/44803","targetHints":{"allow":["GET"]}}],"collection":[{"href":"https:\/\/iranyasa.ir\/tr\/wp-json\/wp\/v2\/pages"}],"about":[{"href":"https:\/\/iranyasa.ir\/tr\/wp-json\/wp\/v2\/types\/page"}],"author":[{"embeddable":true,"href":"https:\/\/iranyasa.ir\/tr\/wp-json\/wp\/v2\/users\/1"}],"replies":[{"embeddable":true,"href":"https:\/\/iranyasa.ir\/tr\/wp-json\/wp\/v2\/comments?post=44803"}],"version-history":[{"count":1,"href":"https:\/\/iranyasa.ir\/tr\/wp-json\/wp\/v2\/pages\/44803\/revisions"}],"predecessor-version":[{"id":44810,"href":"https:\/\/iranyasa.ir\/tr\/wp-json\/wp\/v2\/pages\/44803\/revisions\/44810"}],"wp:attachment":[{"href":"https:\/\/iranyasa.ir\/tr\/wp-json\/wp\/v2\/media?parent=44803"}],"curies":[{"name":"wp","href":"https:\/\/api.w.org\/{rel}","templated":true}]}}